{"id":93,"date":"2009-07-28T23:42:39","date_gmt":"2009-07-28T21:42:39","guid":{"rendered":"http:\/\/berdec.dyndns.org\/wordpress\/?page_id=2"},"modified":"2020-04-15T13:18:24","modified_gmt":"2020-04-15T11:18:24","slug":"about","status":"publish","type":"page","link":"https:\/\/sntrvfl.org\/blogpat\/","title":{"rendered":"\u00e0 propos &#8230;"},"content":{"rendered":"<p style=\"text-align: center;\"><img loading=\"lazy\" decoding=\"async\" class=\"aligncenter wp-image-903 size-large\" title=\"2005-10-31 17-34-24_Landes divers_0030\" src=\"http:\/\/sntrvfl.org\/blogpat\/wp-content\/uploads\/2020\/04\/IMG_6552-scaled-e1586940789936-1080x743.jpeg\" alt=\"\" width=\"660\" height=\"454\" srcset=\"https:\/\/sntrvfl.org\/blogpat\/wp-content\/uploads\/2020\/04\/IMG_6552-scaled-e1586940789936-1080x743.jpeg 1080w, https:\/\/sntrvfl.org\/blogpat\/wp-content\/uploads\/2020\/04\/IMG_6552-scaled-e1586940789936-720x495.jpeg 720w, https:\/\/sntrvfl.org\/blogpat\/wp-content\/uploads\/2020\/04\/IMG_6552-scaled-e1586940789936-768x528.jpeg 768w, https:\/\/sntrvfl.org\/blogpat\/wp-content\/uploads\/2020\/04\/IMG_6552-scaled-e1586940789936-1536x1056.jpeg 1536w, https:\/\/sntrvfl.org\/blogpat\/wp-content\/uploads\/2020\/04\/IMG_6552-scaled-e1586940789936-2048x1408.jpeg 2048w, https:\/\/sntrvfl.org\/blogpat\/wp-content\/uploads\/2020\/04\/IMG_6552-scaled-e1586940789936-700x481.jpeg 700w\" sizes=\"(max-width: 660px) 100vw, 660px\" \/><strong>Bienvenue sur ce site<\/strong><\/p>\n<p><strong>A consommer selon vos envies &#8230;<\/strong><\/p>\n<p>Ce site est d\u00e9di\u00e9 aux amis et connaissances que quelques r\u00e9flexions faites \u00e0 la vol\u00e9e pourraient int\u00e9resser.<br \/>\nIl ne s&rsquo;agit pas d&rsquo;un forum, ce qui n\u00e9cessiterait une administration lourde, mais d&rsquo;un site de \u00ab\u00a0billets\u00a0\u00bb, en vrac, sur tout et rien, dont l&rsquo;unique ambition est de humer l&rsquo;air du temps.<\/p>\n<p>Que \u00ab\u00a0mes humeurs\u00a0\u00bb,&nbsp; je l&rsquo;esp\u00e8re, ne froissent personne quand bien m\u00eame, parfois, elles seraient am\u00e8res.<\/p>\n<p><strong>&nbsp;<\/strong><\/p>\n","protected":false},"excerpt":{"rendered":"<p>Bienvenue sur ce site A consommer selon vos envies &#8230; Ce site est d\u00e9di\u00e9 aux amis et connaissances que quelques r\u00e9flexions faites \u00e0 la vol\u00e9e pourraient int\u00e9resser. Il ne s&rsquo;agit pas d&rsquo;un forum, ce qui n\u00e9cessiterait une administration lourde, mais d&rsquo;un site de \u00ab\u00a0billets\u00a0\u00bb, en vrac, sur tout et rien, dont l&rsquo;unique ambition est de [&hellip;]<\/p>\n","protected":false},"author":2,"featured_media":0,"parent":0,"menu_order":0,"comment_status":"closed","ping_status":"closed","template":"","meta":{"ngg_post_thumbnail":0,"footnotes":""},"_links":{"self":[{"href":"https:\/\/sntrvfl.org\/blogpat\/index.php?rest_route=\/wp\/v2\/pages\/93"}],"collection":[{"href":"https:\/\/sntrvfl.org\/blogpat\/index.php?rest_route=\/wp\/v2\/pages"}],"about":[{"href":"https:\/\/sntrvfl.org\/blogpat\/index.php?rest_route=\/wp\/v2\/types\/page"}],"author":[{"embeddable":true,"href":"https:\/\/sntrvfl.org\/blogpat\/index.php?rest_route=\/wp\/v2\/users\/2"}],"replies":[{"embeddable":true,"href":"https:\/\/sntrvfl.org\/blogpat\/index.php?rest_route=%2Fwp%2Fv2%2Fcomments&post=93"}],"version-history":[{"count":10,"href":"https:\/\/sntrvfl.org\/blogpat\/index.php?rest_route=\/wp\/v2\/pages\/93\/revisions"}],"predecessor-version":[{"id":929,"href":"https:\/\/sntrvfl.org\/blogpat\/index.php?rest_route=\/wp\/v2\/pages\/93\/revisions\/929"}],"wp:attachment":[{"href":"https:\/\/sntrvfl.org\/blogpat\/index.php?rest_route=%2Fwp%2Fv2%2Fmedia&parent=93"}],"curies":[{"name":"wp","href":"https:\/\/api.w.org\/{rel}","templated":true}]}}